{"id":185,"date":"2025-04-28T16:24:37","date_gmt":"2025-04-28T16:24:37","guid":{"rendered":"https:\/\/kulyzka.photography\/impressum\/"},"modified":"2025-04-28T17:51:42","modified_gmt":"2025-04-28T17:51:42","slug":"impressum","status":"publish","type":"page","link":"https:\/\/kulyzka.photography\/de\/impressum\/","title":{"rendered":"Impressum"},"content":{"rendered":"<p>[et_pb_section fb_built=&#8221;1&#8243; theme_builder_area=&#8221;post_content&#8221; _builder_version=&#8221;4.27.4&#8243; _module_preset=&#8221;default&#8221;][et_pb_row _builder_version=&#8221;4.27.4&#8243; _module_preset=&#8221;default&#8221; theme_builder_area=&#8221;post_content&#8221;][et_pb_column _builder_version=&#8221;4.27.4&#8243; _module_preset=&#8221;default&#8221; type=&#8221;4_4&#8243; theme_builder_area=&#8221;post_content&#8221;][et_pb_text _builder_version=&#8221;4.27.4&#8243; _module_preset=&#8221;default&#8221; theme_builder_area=&#8221;post_content&#8221; hover_enabled=&#8221;0&#8243; sticky_enabled=&#8221;0&#8243;]<\/p>\n<p class=\"p1\"><span class=\"s1\"><\/span><\/p>\n<h2><b>Impressum<\/b><\/h2>\n<p>&nbsp;<\/p>\n<p class=\"p2\">\n<p class=\"p3\"><b>Angaben gem\u00e4\u00df \u00a7 5 TMG:<\/b><b><\/b><\/p>\n<p class=\"p4\">Aljona Kulyzka<\/p>\n<p class=\"p4\">Lugstra\u00dfe 33<\/p>\n<p class=\"p4\">74321 Bietigheim-Bissingen<\/p>\n<p class=\"p4\">Deutschland<\/p>\n<p class=\"p2\">\n<p class=\"p3\"><b>Kontakt:<\/b><b><\/b><\/p>\n<p class=\"p4\">Telefon: +49 1514 4579414<\/p>\n<p class=\"p4\">E-Mail: kulizka2000@gmail.com<\/p>\n<p class=\"p4\">Website: <a href=\"https:\/\/kulyzka.photography\/de\/\">https:\/\/kulyzka.photography<\/a><\/p>\n<p class=\"p2\">\n<p class=\"p3\"><b>Umsatzsteuer-ID:<\/b><b><\/b><\/p>\n<p class=\"p4\">Keine Umsatzsteuer-ID vorhanden, Kleinunternehmer gem\u00e4\u00df \u00a7 19 UStG.<\/p>\n<p class=\"p2\">\n<p class=\"p3\"><b>Verantwortlich f\u00fcr den Inhalt nach \u00a7 55 Abs. 2 RStV:<\/b><b><\/b><\/p>\n<p class=\"p4\">Aljona Kulyzka<\/p>\n<p class=\"p4\">Adresse wie oben<\/p>\n<p class=\"p1\"><span class=\"s1\"><\/span><\/p>\n<hr \/>\n<p>&nbsp;<\/p>\n<p class=\"p1\"><span class=\"s1\"><\/span><\/p>\n<h2><b>Datenschutzerkl\u00e4rung<\/b><\/h2>\n<p>&nbsp;<\/p>\n<p class=\"p2\">\n<p class=\"p1\"><span class=\"s1\"><\/span><\/p>\n<h3><b>1. Allgemeine Hinweise<\/b><\/h3>\n<p>&nbsp;<\/p>\n<p class=\"p2\">\n<p class=\"p4\">Der Schutz Ihrer pers\u00f6nlichen Daten ist uns ein besonderes Anliegen. Wir behandeln Ihre personenbezogenen Daten vertraulich und entsprechend den gesetzlichen Datenschutzvorschriften sowie dieser Datenschutzerkl\u00e4rung.<\/p>\n<p class=\"p2\">\n<p class=\"p1\"><span class=\"s1\"><\/span><\/p>\n<h3><b>2. Verantwortliche Stelle<\/b><\/h3>\n<p>&nbsp;<\/p>\n<p class=\"p2\">\n<p class=\"p4\">Aljona Kulyzka<\/p>\n<p class=\"p4\">Lugstra\u00dfe 33<\/p>\n<p class=\"p4\">74321 Bietigheim-Bissingen<\/p>\n<p class=\"p4\">Deutschland<\/p>\n<p class=\"p4\">E-Mail: kulizka2000@gmail.com<\/p>\n<p class=\"p4\">Telefon: +49 1514 4579414<\/p>\n<p class=\"p2\">\n<p class=\"p1\"><span class=\"s1\"><\/span><\/p>\n<h3><b>3. Erhebung und Verarbeitung personenbezogener Daten<\/b><\/h3>\n<p>&nbsp;<\/p>\n<p class=\"p2\">\n<p class=\"p4\">Beim Besuch dieser Website werden automatisch technische Daten erfasst (z. B. IP-Adresse, Browsertyp, Betriebssystem). Diese Erfassung erfolgt automatisch, sobald Sie unsere Website betreten. Personenbezogene Daten wie Name und E-Mail-Adresse werden nur erfasst, wenn Sie uns diese freiwillig \u00fcbermitteln, beispielsweise \u00fcber ein Kontaktformular.<\/p>\n<p class=\"p2\">\n<p class=\"p1\"><span class=\"s1\"><\/span><\/p>\n<h3><b>4. Zwecke der Datenverarbeitung<\/b><\/h3>\n<p>&nbsp;<\/p>\n<p class=\"p1\"><span class=\"s1\"><\/span><\/p>\n<ul>\n<li>\n<p class=\"p1\">Zur Bereitstellung und Optimierung unseres Internetangebots<\/p>\n<\/li>\n<li>\n<p class=\"p1\">Zur Bearbeitung Ihrer Anfragen<\/p>\n<\/li>\n<li>\n<p class=\"p1\">Zur Wahrung berechtigter Interessen<\/p>\n<\/li>\n<\/ul>\n<p>&nbsp;<\/p>\n<p class=\"p2\">\n<p class=\"p1\"><span class=\"s1\"><\/span><\/p>\n<h3><b>5. Cookies<\/b><\/h3>\n<p>&nbsp;<\/p>\n<p class=\"p2\">\n<p class=\"p4\">Unsere Website verwendet Cookies. Cookies richten auf Ihrem Endger\u00e4t keinen Schaden an und enthalten keine Viren. Sie dienen dazu, unser Angebot nutzerfreundlicher und sicherer zu machen. Details entnehmen Sie bitte unserer separaten Cookie-Richtlinie.<\/p>\n<p class=\"p2\">\n<p class=\"p1\"><span class=\"s1\"><\/span><\/p>\n<h3><b>6. Social Media-Verkn\u00fcpfungen<\/b><\/h3>\n<p>&nbsp;<\/p>\n<p class=\"p2\">\n<p class=\"p4\">Unsere Website enth\u00e4lt Links zu unserem Profil auf Instagram. Wenn Sie auf diese Links klicken, werden m\u00f6glicherweise personenbezogene Daten an Instagram (Meta Platforms Ireland Limited) \u00fcbermittelt. Weitere Informationen finden Sie in der Datenschutzrichtlinie von Instagram:<\/p>\n<p class=\"p4\"><a href=\"https:\/\/privacycenter.instagram.com\/policy\">https:\/\/privacycenter.instagram.com\/policy<\/a><\/p>\n<p class=\"p2\">\n<p class=\"p1\"><span class=\"s1\"><\/span><\/p>\n<h3><b>7. Ihre Rechte<\/b><\/h3>\n<p>&nbsp;<\/p>\n<p class=\"p2\">\n<p class=\"p4\">Sie haben das Recht:<\/p>\n<p class=\"p1\"><span class=\"s1\"><\/span><\/p>\n<ul>\n<li>\n<p class=\"p1\">Auskunft \u00fcber Ihre bei uns gespeicherten Daten zu verlangen<\/p>\n<\/li>\n<li>\n<p class=\"p1\">Berichtigung oder L\u00f6schung Ihrer Daten zu verlangen<\/p>\n<\/li>\n<li>\n<p class=\"p1\">Die Einschr\u00e4nkung der Verarbeitung zu verlangen<\/p>\n<\/li>\n<li>\n<p class=\"p1\">Die Verarbeitung zu widersprechen<\/p>\n<\/li>\n<li>\n<p class=\"p1\">Ihre Zustimmung jederzeit zu widerrufen<\/p>\n<\/li>\n<li>\n<p class=\"p1\">Beschwerde bei einer Aufsichtsbeh\u00f6rde einzureichen<\/p>\n<\/li>\n<\/ul>\n<p>&nbsp;<\/p>\n<p class=\"p2\">\n<p class=\"p1\"><span class=\"s1\"><\/span><\/p>\n<h3><b>8. Sicherheit<\/b><\/h3>\n<p>&nbsp;<\/p>\n<p class=\"p2\">\n<p class=\"p4\">Wir treffen technische und organisatorische Ma\u00dfnahmen, um Ihre personenbezogenen Daten vor Verlust, Zerst\u00f6rung oder unberechtigtem Zugriff zu sch\u00fctzen.<\/p>\n<p class=\"p2\">\n<p class=\"p1\"><span class=\"s1\"><\/span><\/p>\n<h3><b>9. \u00c4nderungen<\/b><\/h3>\n<p>&nbsp;<\/p>\n<p class=\"p2\">\n<p class=\"p4\">Wir behalten uns vor, diese Datenschutzerkl\u00e4rung gelegentlich anzupassen, um sie aktuellen rechtlichen Anforderungen anzupassen.<\/p>\n<p>[\/et_pb_text][\/et_pb_column][\/et_pb_row][\/et_pb_section]<\/p>","protected":false},"excerpt":{"rendered":"<p>Impressum &nbsp; Angaben gem\u00e4\u00df \u00a7 5 TMG: Alyona Kulyzka Lugstra\u00dfe 33 74321 Bietigheim-Bissingen Deutschland Kontakt: Telefon: +49 1514 4579414 E-Mail: kulizka2000@gmail.com Website: https:\/\/kulyzka.photography Umsatzsteuer-ID: Keine Umsatzsteuer-ID vorhanden, Kleinunternehmer gem\u00e4\u00df \u00a7 19 UStG. Verantwortlich f\u00fcr den Inhalt nach \u00a7 55 Abs. 2 RStV: Alyona Kulyzka Adresse wie oben &nbsp; Datenschutzerkl\u00e4rung &nbsp; 1. Allgemeine Hinweise &nbsp; Der [&hellip;]<\/p>","protected":false},"author":1,"featured_media":0,"parent":0,"menu_order":0,"comment_status":"closed","ping_status":"closed","template":"","meta":{"_et_pb_use_builder":"on","_et_pb_old_content":"<!-- wp:complianz\/document {\"title\":\"Impressum\",\"selectedDocument\":\"impressum-all\"} \/-->","_et_gb_content_width":"","footnotes":""},"class_list":["post-185","page","type-page","status-publish","hentry"],"yoast_head":"<!-- This site is optimized with the Yoast SEO plugin v26.9 - https:\/\/yoast.com\/product\/yoast-seo-wordpress\/ -->\n<title>Impressum - Alona Kulyzka<\/title>\n<meta name=\"robots\" content=\"index, follow, max-snippet:-1, max-image-preview:large, max-video-preview:-1\" \/>\n<link rel=\"canonical\" href=\"https:\/\/kulyzka.photography\/de\/impressum\/\" \/>\n<meta property=\"og:locale\" content=\"de_DE\" \/>\n<meta property=\"og:type\" content=\"article\" \/>\n<meta property=\"og:title\" content=\"Impressum - Alona Kulyzka\" \/>\n<meta property=\"og:description\" content=\"Impressum &nbsp; Angaben gem\u00e4\u00df \u00a7 5 TMG: Alyona Kulyzka Lugstra\u00dfe 33 74321 Bietigheim-Bissingen Deutschland Kontakt: Telefon: +49 1514 4579414 E-Mail: kulizka2000@gmail.com Website: https:\/\/kulyzka.photography Umsatzsteuer-ID: Keine Umsatzsteuer-ID vorhanden, Kleinunternehmer gem\u00e4\u00df \u00a7 19 UStG. Verantwortlich f\u00fcr den Inhalt nach \u00a7 55 Abs. 2 RStV: Alyona Kulyzka Adresse wie oben &nbsp; Datenschutzerkl\u00e4rung &nbsp; 1. Allgemeine Hinweise &nbsp; Der [&hellip;]\" \/>\n<meta property=\"og:url\" content=\"https:\/\/kulyzka.photography\/de\/impressum\/\" \/>\n<meta property=\"og:site_name\" content=\"Alona Kulyzka\" \/>\n<meta property=\"article:modified_time\" content=\"2025-04-28T17:51:42+00:00\" \/>\n<meta name=\"twitter:card\" content=\"summary_large_image\" \/>\n<meta name=\"twitter:label1\" content=\"Gesch\u00e4tzte Lesezeit\" \/>\n\t<meta name=\"twitter:data1\" content=\"2\u00a0Minuten\" \/>\n<script type=\"application\/ld+json\" class=\"yoast-schema-graph\">{\"@context\":\"https:\/\/schema.org\",\"@graph\":[{\"@type\":\"WebPage\",\"@id\":\"https:\/\/kulyzka.photography\/impressum\/\",\"url\":\"https:\/\/kulyzka.photography\/impressum\/\",\"name\":\"Impressum - Alona Kulyzka\",\"isPartOf\":{\"@id\":\"https:\/\/kulyzka.photography\/#website\"},\"datePublished\":\"2025-04-28T16:24:37+00:00\",\"dateModified\":\"2025-04-28T17:51:42+00:00\",\"breadcrumb\":{\"@id\":\"https:\/\/kulyzka.photography\/impressum\/#breadcrumb\"},\"inLanguage\":\"de\",\"potentialAction\":[{\"@type\":\"ReadAction\",\"target\":[\"https:\/\/kulyzka.photography\/impressum\/\"]}]},{\"@type\":\"BreadcrumbList\",\"@id\":\"https:\/\/kulyzka.photography\/impressum\/#breadcrumb\",\"itemListElement\":[{\"@type\":\"ListItem\",\"position\":1,\"name\":\"Startseite\",\"item\":\"https:\/\/kulyzka.photography\/\"},{\"@type\":\"ListItem\",\"position\":2,\"name\":\"Impressum\"}]},{\"@type\":\"WebSite\",\"@id\":\"https:\/\/kulyzka.photography\/#website\",\"url\":\"https:\/\/kulyzka.photography\/\",\"name\":\"Alona Kulyzka \u2013\u00a0Wedding photographer in Stuttgart\",\"description\":\"Wedding photographer in Stuttgart\",\"publisher\":{\"@id\":\"https:\/\/kulyzka.photography\/#\/schema\/person\/c07bb704e55729239c116b088000e6e3\"},\"potentialAction\":[{\"@type\":\"SearchAction\",\"target\":{\"@type\":\"EntryPoint\",\"urlTemplate\":\"https:\/\/kulyzka.photography\/?s={search_term_string}\"},\"query-input\":{\"@type\":\"PropertyValueSpecification\",\"valueRequired\":true,\"valueName\":\"search_term_string\"}}],\"inLanguage\":\"de\"},{\"@type\":[\"Person\",\"Organization\"],\"@id\":\"https:\/\/kulyzka.photography\/#\/schema\/person\/c07bb704e55729239c116b088000e6e3\",\"name\":\"Alona Kulyzka\",\"image\":{\"@type\":\"ImageObject\",\"inLanguage\":\"de\",\"@id\":\"https:\/\/kulyzka.photography\/#\/schema\/person\/image\/\",\"url\":\"https:\/\/kulyzka.photography\/wp-content\/uploads\/2025\/05\/2Asset-4@8x-scaled.png\",\"contentUrl\":\"https:\/\/kulyzka.photography\/wp-content\/uploads\/2025\/05\/2Asset-4@8x-scaled.png\",\"width\":2560,\"height\":1043,\"caption\":\"Alona Kulyzka\"},\"logo\":{\"@id\":\"https:\/\/kulyzka.photography\/#\/schema\/person\/image\/\"},\"sameAs\":[\"https:\/\/www.instagram.com\/kulyzka_photography\/\"]}]}<\/script>\n<!-- \/ Yoast SEO plugin. -->","yoast_head_json":{"title":"Impressum - Alona Kulyzka","robots":{"index":"index","follow":"follow","max-snippet":"max-snippet:-1","max-image-preview":"max-image-preview:large","max-video-preview":"max-video-preview:-1"},"canonical":"https:\/\/kulyzka.photography\/de\/impressum\/","og_locale":"de_DE","og_type":"article","og_title":"Impressum - Alona Kulyzka","og_description":"Impressum &nbsp; Angaben gem\u00e4\u00df \u00a7 5 TMG: Alyona Kulyzka Lugstra\u00dfe 33 74321 Bietigheim-Bissingen Deutschland Kontakt: Telefon: +49 1514 4579414 E-Mail: kulizka2000@gmail.com Website: https:\/\/kulyzka.photography Umsatzsteuer-ID: Keine Umsatzsteuer-ID vorhanden, Kleinunternehmer gem\u00e4\u00df \u00a7 19 UStG. Verantwortlich f\u00fcr den Inhalt nach \u00a7 55 Abs. 2 RStV: Alyona Kulyzka Adresse wie oben &nbsp; Datenschutzerkl\u00e4rung &nbsp; 1. Allgemeine Hinweise &nbsp; Der [&hellip;]","og_url":"https:\/\/kulyzka.photography\/de\/impressum\/","og_site_name":"Alona Kulyzka","article_modified_time":"2025-04-28T17:51:42+00:00","twitter_card":"summary_large_image","twitter_misc":{"Gesch\u00e4tzte Lesezeit":"2\u00a0Minuten"},"schema":{"@context":"https:\/\/schema.org","@graph":[{"@type":"WebPage","@id":"https:\/\/kulyzka.photography\/impressum\/","url":"https:\/\/kulyzka.photography\/impressum\/","name":"Impressum - Alona Kulyzka","isPartOf":{"@id":"https:\/\/kulyzka.photography\/#website"},"datePublished":"2025-04-28T16:24:37+00:00","dateModified":"2025-04-28T17:51:42+00:00","breadcrumb":{"@id":"https:\/\/kulyzka.photography\/impressum\/#breadcrumb"},"inLanguage":"de","potentialAction":[{"@type":"ReadAction","target":["https:\/\/kulyzka.photography\/impressum\/"]}]},{"@type":"BreadcrumbList","@id":"https:\/\/kulyzka.photography\/impressum\/#breadcrumb","itemListElement":[{"@type":"ListItem","position":1,"name":"Startseite","item":"https:\/\/kulyzka.photography\/"},{"@type":"ListItem","position":2,"name":"Impressum"}]},{"@type":"WebSite","@id":"https:\/\/kulyzka.photography\/#website","url":"https:\/\/kulyzka.photography\/","name":"Alona Kulyzka - Hochzeitsfotografin in Stuttgart","description":"Hochzeitsfotograf in Stuttgart","publisher":{"@id":"https:\/\/kulyzka.photography\/#\/schema\/person\/c07bb704e55729239c116b088000e6e3"},"potentialAction":[{"@type":"SearchAction","target":{"@type":"EntryPoint","urlTemplate":"https:\/\/kulyzka.photography\/?s={search_term_string}"},"query-input":{"@type":"PropertyValueSpecification","valueRequired":true,"valueName":"search_term_string"}}],"inLanguage":"de"},{"@type":["Person","Organization"],"@id":"https:\/\/kulyzka.photography\/#\/schema\/person\/c07bb704e55729239c116b088000e6e3","name":"Alona Kulyzka","image":{"@type":"ImageObject","inLanguage":"de","@id":"https:\/\/kulyzka.photography\/#\/schema\/person\/image\/","url":"https:\/\/kulyzka.photography\/wp-content\/uploads\/2025\/05\/2Asset-4@8x-scaled.png","contentUrl":"https:\/\/kulyzka.photography\/wp-content\/uploads\/2025\/05\/2Asset-4@8x-scaled.png","width":2560,"height":1043,"caption":"Alona Kulyzka"},"logo":{"@id":"https:\/\/kulyzka.photography\/#\/schema\/person\/image\/"},"sameAs":["https:\/\/www.instagram.com\/kulyzka_photography\/"]}]}},"_links":{"self":[{"href":"https:\/\/kulyzka.photography\/de\/wp-json\/wp\/v2\/pages\/185","targetHints":{"allow":["GET"]}}],"collection":[{"href":"https:\/\/kulyzka.photography\/de\/wp-json\/wp\/v2\/pages"}],"about":[{"href":"https:\/\/kulyzka.photography\/de\/wp-json\/wp\/v2\/types\/page"}],"author":[{"embeddable":true,"href":"https:\/\/kulyzka.photography\/de\/wp-json\/wp\/v2\/users\/1"}],"replies":[{"embeddable":true,"href":"https:\/\/kulyzka.photography\/de\/wp-json\/wp\/v2\/comments?post=185"}],"version-history":[{"count":2,"href":"https:\/\/kulyzka.photography\/de\/wp-json\/wp\/v2\/pages\/185\/revisions"}],"predecessor-version":[{"id":239,"href":"https:\/\/kulyzka.photography\/de\/wp-json\/wp\/v2\/pages\/185\/revisions\/239"}],"wp:attachment":[{"href":"https:\/\/kulyzka.photography\/de\/wp-json\/wp\/v2\/media?parent=185"}],"curies":[{"name":"wp","href":"https:\/\/api.w.org\/{rel}","templated":true}]}}