{"id":184,"date":"2025-04-28T16:24:37","date_gmt":"2025-04-28T16:24:37","guid":{"rendered":"https:\/\/kulyzka.photography\/datenschutzerklaerung-eu\/"},"modified":"2025-04-28T16:24:37","modified_gmt":"2025-04-28T16:24:37","slug":"datenschutzerklaerung-eu","status":"publish","type":"page","link":"https:\/\/kulyzka.photography\/de\/datenschutzerklaerung-eu\/","title":{"rendered":"Datenschutzerkl\u00e4rung (EU)"},"content":{"rendered":"<!-- Legal document generated by Complianz | GDPR\/CCPA Cookie Consent https:\/\/wordpress.org\/plugins\/complianz-gdpr -->\n<div id=\"cmplz-document\" class=\"cmplz-document privacy-statement cmplz-document-eu\"><p><i>Diese Datenschutzerkl\u00e4rung wurde zuletzt am Mai 14, 2025 aktualisiert und gilt f\u00fcr B\u00fcrger und Personen mit st\u00e4ndigem Wohnsitz im Europ\u00e4ischen Wirtschaftsraum und der Schweiz.<\/i><br \/><br \/><\/p><p><p>In dieser Datenschutzerkl\u00e4rung erkl\u00e4ren wir, was wir mit den Daten, die wir \u00fcber Sie via <a href=\"https:\/\/kulyzka.photography\/de\">https:\/\/kulyzka.photography\/de<\/a> gesammelt haben, tun. Wir empfehlen Ihnen, dieses Dokument sorgf\u00e4ltig zu lesen. W\u00e4hrend unserer Verarbeitung entsprechen wir den gesetzlichen Anforderungen. Dies bedeutet unter anderem:<\/p><ul>\n                <li>Wir geben klar die Zwecke f\u00fcr die wir pers\u00f6nliche Daten verarbeiten, an. Dies geschieht durch diese Datenschutzerkl\u00e4rung.<\/li>\n                <li>Wir zielen darauf ab, unsere Sammlung von pers\u00f6nlichen Daten auf jene pers\u00f6nlichen Daten zu beschr\u00e4nken, die aus legitimen Gr\u00fcnden ben\u00f6tigt werden.<\/li>\n                <li>Wir werden zun\u00e4chst Ihr explizites Einverst\u00e4ndnis einholen, wenn dies notwendig sein sollte, um Ihre pers\u00f6nlichen Daten zu verarbeiten.<\/li>\n                <li>Wir unternehmen angemessene Sicherheitsma\u00dfnahmen um Ihre pers\u00f6nlichen Daten zu sch\u00fctzen und verlangen dies ebenso von Parteien, die pers\u00f6nliche Daten in unserem Auftrag verarbeiten.<\/li>\n                <li>Wir respektieren Ihr Recht auf Einsichtnahme, Berichtigung oder L\u00f6schung Ihrer personenbezogenen Daten.<\/li>\n            <\/ul><p>Wenn Sie Fragen haben oder wissen m\u00f6chten, welche pers\u00f6nlichen Daten wir \u00fcber Sie haben, kontaktieren Sie uns bitte.<\/p><\/p><h2>1. Zweck, Daten und Aufbewahrungsfrist<\/h2>Wir k\u00f6nnen personenbezogene Daten f\u00fcr eine Reihe von Zwecken im Zusammenhang mit unserer Gesch\u00e4ftst\u00e4tigkeit sammeln oder erhalten, darunter die folgenden: (zum Vergr\u00f6\u00dfern anklicken)<details class=\"cmplz-dropdown dropdown-privacy-statement\"><summary><div><h3>1.1 Kontakt - per Telefon, Post, E-Mail und\/oder Webformate<\/h3><\/div><\/summary><p class=\"cmplz-subtitle\">Zu diesem Zweck verwenden wir die folgenden Daten:<\/p><p><ul><li>Ein Vor- und Nachname<\/li><li>Eine E-Mail-Adresse<\/li><li>Eine Telefonnummer<\/li><\/ul><\/p><p class=\"cmplz-subtitle\">Die Grundlage, auf der wir diese Daten verarbeiten k\u00f6nnen, ist:<\/p><p><a target=\"_blank\" rel=\"noopener noreferrer nofollow\" href=\"https:\/\/cookiedatabase.org\/legal-bases\/#consent\">Nach Erteilung der Zustimmung.<\/a><\/p><p class=\"cmplz-subtitle\">Bewahrungsfrist<\/p><p>Wir speichern diese Daten bei Beendigung des Dienstes f\u00fcr die folgenden Monate: 12<\/p><\/details><h2>2. Cookies<\/h2><p>Unsere Website verwendet Cookies. F\u00fcr mehr Informationen \u00fcber Cookies schauen Sie bitte unter unseren <a href=\"https:\/\/kulyzka.photography\/de\/cookie-richtlinie-der-eu\/\">Cookie-Richtlinien<\/a> nach.&nbsp;<\/p><h2>3. Offenlegungspraktiken<\/h2><p><p>Wir legen personenbezogene Daten offen, wenn wir gesetzlich oder per Gerichtsbeschluss dazu verpflichtet sind, z. B. auf Anforderung einer Strafverfolgungsbeh\u00f6rde, soweit dies im Rahmen der gesetzlichen Bestimmungen zul\u00e4ssig ist, um Ausk\u00fcnfte zu erteilen, oder f\u00fcr eine Untersuchung in einer Angelegenheit, die die \u00f6ffentliche Sicherheit betrifft.<\/p><p>Wenn unsere Website oder unser Unternehmen im Rahmen einer Fusion oder \u00dcbernahme \u00fcbernommen oder verkauft wird, k\u00f6nnen Ihre Daten unseren Beratern und potenziellen K\u00e4ufern offengelegt und an die neuen Eigent\u00fcmer \u00fcbermittelt werden.<\/p><\/p><p>Wir verf\u00fcgen \u00fcber eine Datenverarbeitungsvereinbarung mit Google.<\/p><p>Google darf die Daten nicht f\u00fcr andere Google-Dienste verwenden.<\/p><p>Die Einbeziehung der vollst\u00e4ndigen IP-Adresse ist von uns blockiert.<\/p><h2>4. Sicherheit<\/h2><p>Wir sind der Sicherheit pers\u00f6nlicher Daten verpflichtet. Wir unternehmen angemessene Sicherheitsma\u00dfnahmen um Missbrauch von und unautorisierten Zugriff auf pers\u00f6nliche Daten zu begrenzen. Dies stellt sicher, dass nur notwendige Personen Zugriff auf Ihre Daten erhalten, dieser Zugriff gesch\u00fctzt ist und dass unsere Sicherheitsma\u00dfnahmen regelm\u00e4\u00dfig gepr\u00fcft werden.<\/p><h2>5. Websites von Drittanbietern<\/h2><p>Diese Datenschutzerkl\u00e4rung gilt nicht f\u00fcr Websites von Drittparteien, die durch Links auf unserer Website verbunden sind. Wir k\u00f6nnen nicht garantieren, dass diese Drittanbieter Ihre pers\u00f6nlichen Daten in verl\u00e4sslicher oder sicherer Weise behandeln. Wir empfehlen Ihnen die Datenschutzerkl\u00e4rungen dieser Websites vor deren Nutzung zu lesen.<\/p><h2>6. Erg\u00e4nzungen zu dieser Datenschutzerkl\u00e4rung<\/h2><p>Wir behalten uns das Recht vor, \u00c4nderungen an dieser Datenschutzerkl\u00e4rung vorzunehmen. Es wird empfohlen, diese Datenschutzerkl\u00e4rung regelm\u00e4\u00dfig zu lesen, um sich \u00fcber \u00c4nderungen zu informieren. Dar\u00fcber hinaus informieren wir Sie, wo immer m\u00f6glich.<\/p><h2>7. Zugriff und Bearbeitung Ihrer Daten<\/h2><p>Wenn Sie Fragen haben oder wissen m\u00f6chten, welche pers\u00f6nlichen Daten wir \u00fcber Sie haben, kontaktieren Sie uns bitte. Sie k\u00f6nnen uns mittels der unten stehenden Informationen erreichen. Sie haben die folgenden Rechte:<\/p><ul>\n                <li>Sie haben das Recht zu wissen, warum Ihre pers\u00f6nlichen Daten gebraucht werden, was mit ihnen passiert und wie lange diese verwahrt werden.<\/li>\n                <li>Zugriffsrecht: Sie haben das Recht Ihre uns bekannten pers\u00f6nlichen Daten einzusehen.<\/li>\n                <li>Recht auf Berichtigung: Sie haben das Recht, wann immer Sie w\u00fcnschen, Ihre pers\u00f6nlichen Daten zu erg\u00e4nzen, zu korrigieren sowie gel\u00f6scht oder blockiert zu bekommen.<\/li>\n                <li>Wenn Sie uns Ihr Einverst\u00e4ndnis zur Verarbeitung Ihrer Daten gegeben haben, haben Sie das Recht dieses Einverst\u00e4ndnis zu widerrufen und Ihre pers\u00f6nlichen Daten l\u00f6schen zu lassen.<\/li>\n                <li>Recht auf Datentransfer Ihrer Daten: Sie haben das Recht, alle Ihre pers\u00f6nlichen Daten von einem Verantwortlichen anzufordern und in ihrer Gesamtheit zu einem anderen Verantwortlichen zu transferieren.<\/li>\n                <li>Widerspruchsrecht: Sie k\u00f6nnen der Verarbeitung Ihrer Daten widersprechen. Wir entsprechen dem, es sei denn, es gibt berechtigte Gr\u00fcnde f\u00fcr die Verarbeitung.<\/li>\n            <\/ul><p>Bitte stellen Sie sicher, dass Sie immer klar wissen, wer Sie sind, sodass wir sicher sein k\u00f6nnen, nicht die Daten der falschen Person zu bearbeiten oder zu l\u00f6schen.<\/p><h2>8. Eine Beschwerde \u00fcbermitteln<\/h2><p>Wenn Sie nicht zufrieden mit der Art und Weise sind, in der wir (Ihre Beschwerde) die Verarbeitung Ihrer pers\u00f6nlichen Daten handhaben, haben Sie das Recht eine Beschwerde an die Datenschutzbeh\u00f6rde zu richten.<\/p><h2>9. Kontaktdaten<\/h2><p>Alona Kulyzka<br \/>\n        Lugstr. 33<br \/>\n74321 Bietigheim Bissingen<br \/>\n        Deutschland<br \/>\n        Website: <a href=\"https:\/\/kulyzka.photography\/de\">https:\/\/kulyzka.photography\/de<\/a> <br \/>\n        E-Mail: <span class=\"cmplz-obfuscate\">kuliz&#107;a&#050;&#048;&#048;0@<span class=\"cmplz-fmail-domain\">ex.com<\/span>&#103;&#109;ail&#046;&#099;&#111;m<\/span> <br \/>\n        Telefonnummer: +49 1514 4579414<\/p><\/div>","protected":false},"excerpt":{"rendered":"","protected":false},"author":1,"featured_media":0,"parent":0,"menu_order":0,"comment_status":"closed","ping_status":"closed","template":"","meta":{"_et_pb_use_builder":"","_et_pb_old_content":"","_et_gb_content_width":"","footnotes":""},"class_list":["post-184","page","type-page","status-publish","hentry"],"yoast_head":"<!-- This site is optimized with the Yoast SEO plugin v26.9 - https:\/\/yoast.com\/product\/yoast-seo-wordpress\/ -->\n<title>Datenschutzerkl\u00e4rung (EU) - Alona Kulyzka<\/title>\n<meta name=\"robots\" content=\"index, follow, max-snippet:-1, max-image-preview:large, max-video-preview:-1\" \/>\n<link rel=\"canonical\" href=\"https:\/\/kulyzka.photography\/de\/datenschutzerklaerung-eu\/\" \/>\n<meta property=\"og:locale\" content=\"de_DE\" \/>\n<meta property=\"og:type\" content=\"article\" \/>\n<meta property=\"og:title\" content=\"Datenschutzerkl\u00e4rung (EU) - Alona Kulyzka\" \/>\n<meta property=\"og:url\" content=\"https:\/\/kulyzka.photography\/de\/datenschutzerklaerung-eu\/\" \/>\n<meta property=\"og:site_name\" content=\"Alona Kulyzka\" \/>\n<meta name=\"twitter:card\" content=\"summary_large_image\" \/>\n<script type=\"application\/ld+json\" class=\"yoast-schema-graph\">{\"@context\":\"https:\/\/schema.org\",\"@graph\":[{\"@type\":\"WebPage\",\"@id\":\"https:\/\/kulyzka.photography\/datenschutzerklaerung-eu\/\",\"url\":\"https:\/\/kulyzka.photography\/datenschutzerklaerung-eu\/\",\"name\":\"Datenschutzerkl\u00e4rung (EU) - Alona Kulyzka\",\"isPartOf\":{\"@id\":\"https:\/\/kulyzka.photography\/#website\"},\"datePublished\":\"2025-04-28T16:24:37+00:00\",\"breadcrumb\":{\"@id\":\"https:\/\/kulyzka.photography\/datenschutzerklaerung-eu\/#breadcrumb\"},\"inLanguage\":\"de\",\"potentialAction\":[{\"@type\":\"ReadAction\",\"target\":[\"https:\/\/kulyzka.photography\/datenschutzerklaerung-eu\/\"]}]},{\"@type\":\"BreadcrumbList\",\"@id\":\"https:\/\/kulyzka.photography\/datenschutzerklaerung-eu\/#breadcrumb\",\"itemListElement\":[{\"@type\":\"ListItem\",\"position\":1,\"name\":\"Startseite\",\"item\":\"https:\/\/kulyzka.photography\/\"},{\"@type\":\"ListItem\",\"position\":2,\"name\":\"Datenschutzerkl\u00e4rung (EU)\"}]},{\"@type\":\"WebSite\",\"@id\":\"https:\/\/kulyzka.photography\/#website\",\"url\":\"https:\/\/kulyzka.photography\/\",\"name\":\"Alona Kulyzka \u2013\u00a0Wedding photographer in Stuttgart\",\"description\":\"Wedding photographer in Stuttgart\",\"publisher\":{\"@id\":\"https:\/\/kulyzka.photography\/#\/schema\/person\/c07bb704e55729239c116b088000e6e3\"},\"potentialAction\":[{\"@type\":\"SearchAction\",\"target\":{\"@type\":\"EntryPoint\",\"urlTemplate\":\"https:\/\/kulyzka.photography\/?s={search_term_string}\"},\"query-input\":{\"@type\":\"PropertyValueSpecification\",\"valueRequired\":true,\"valueName\":\"search_term_string\"}}],\"inLanguage\":\"de\"},{\"@type\":[\"Person\",\"Organization\"],\"@id\":\"https:\/\/kulyzka.photography\/#\/schema\/person\/c07bb704e55729239c116b088000e6e3\",\"name\":\"Alona Kulyzka\",\"image\":{\"@type\":\"ImageObject\",\"inLanguage\":\"de\",\"@id\":\"https:\/\/kulyzka.photography\/#\/schema\/person\/image\/\",\"url\":\"https:\/\/kulyzka.photography\/wp-content\/uploads\/2025\/05\/2Asset-4@8x-scaled.png\",\"contentUrl\":\"https:\/\/kulyzka.photography\/wp-content\/uploads\/2025\/05\/2Asset-4@8x-scaled.png\",\"width\":2560,\"height\":1043,\"caption\":\"Alona Kulyzka\"},\"logo\":{\"@id\":\"https:\/\/kulyzka.photography\/#\/schema\/person\/image\/\"},\"sameAs\":[\"https:\/\/www.instagram.com\/kulyzka_photography\/\"]}]}<\/script>\n<!-- \/ Yoast SEO plugin. -->","yoast_head_json":{"title":"Datenschutzerkl\u00e4rung (EU) - Alona Kulyzka","robots":{"index":"index","follow":"follow","max-snippet":"max-snippet:-1","max-image-preview":"max-image-preview:large","max-video-preview":"max-video-preview:-1"},"canonical":"https:\/\/kulyzka.photography\/de\/datenschutzerklaerung-eu\/","og_locale":"de_DE","og_type":"article","og_title":"Datenschutzerkl\u00e4rung (EU) - Alona Kulyzka","og_url":"https:\/\/kulyzka.photography\/de\/datenschutzerklaerung-eu\/","og_site_name":"Alona Kulyzka","twitter_card":"summary_large_image","schema":{"@context":"https:\/\/schema.org","@graph":[{"@type":"WebPage","@id":"https:\/\/kulyzka.photography\/datenschutzerklaerung-eu\/","url":"https:\/\/kulyzka.photography\/datenschutzerklaerung-eu\/","name":"Datenschutzerkl\u00e4rung (EU) - Alona Kulyzka","isPartOf":{"@id":"https:\/\/kulyzka.photography\/#website"},"datePublished":"2025-04-28T16:24:37+00:00","breadcrumb":{"@id":"https:\/\/kulyzka.photography\/datenschutzerklaerung-eu\/#breadcrumb"},"inLanguage":"de","potentialAction":[{"@type":"ReadAction","target":["https:\/\/kulyzka.photography\/datenschutzerklaerung-eu\/"]}]},{"@type":"BreadcrumbList","@id":"https:\/\/kulyzka.photography\/datenschutzerklaerung-eu\/#breadcrumb","itemListElement":[{"@type":"ListItem","position":1,"name":"Startseite","item":"https:\/\/kulyzka.photography\/"},{"@type":"ListItem","position":2,"name":"Datenschutzerkl\u00e4rung (EU)"}]},{"@type":"WebSite","@id":"https:\/\/kulyzka.photography\/#website","url":"https:\/\/kulyzka.photography\/","name":"Alona Kulyzka - Hochzeitsfotografin in Stuttgart","description":"Hochzeitsfotograf in Stuttgart","publisher":{"@id":"https:\/\/kulyzka.photography\/#\/schema\/person\/c07bb704e55729239c116b088000e6e3"},"potentialAction":[{"@type":"SearchAction","target":{"@type":"EntryPoint","urlTemplate":"https:\/\/kulyzka.photography\/?s={search_term_string}"},"query-input":{"@type":"PropertyValueSpecification","valueRequired":true,"valueName":"search_term_string"}}],"inLanguage":"de"},{"@type":["Person","Organization"],"@id":"https:\/\/kulyzka.photography\/#\/schema\/person\/c07bb704e55729239c116b088000e6e3","name":"Alona Kulyzka","image":{"@type":"ImageObject","inLanguage":"de","@id":"https:\/\/kulyzka.photography\/#\/schema\/person\/image\/","url":"https:\/\/kulyzka.photography\/wp-content\/uploads\/2025\/05\/2Asset-4@8x-scaled.png","contentUrl":"https:\/\/kulyzka.photography\/wp-content\/uploads\/2025\/05\/2Asset-4@8x-scaled.png","width":2560,"height":1043,"caption":"Alona Kulyzka"},"logo":{"@id":"https:\/\/kulyzka.photography\/#\/schema\/person\/image\/"},"sameAs":["https:\/\/www.instagram.com\/kulyzka_photography\/"]}]}},"_links":{"self":[{"href":"https:\/\/kulyzka.photography\/de\/wp-json\/wp\/v2\/pages\/184","targetHints":{"allow":["GET"]}}],"collection":[{"href":"https:\/\/kulyzka.photography\/de\/wp-json\/wp\/v2\/pages"}],"about":[{"href":"https:\/\/kulyzka.photography\/de\/wp-json\/wp\/v2\/types\/page"}],"author":[{"embeddable":true,"href":"https:\/\/kulyzka.photography\/de\/wp-json\/wp\/v2\/users\/1"}],"replies":[{"embeddable":true,"href":"https:\/\/kulyzka.photography\/de\/wp-json\/wp\/v2\/comments?post=184"}],"version-history":[{"count":0,"href":"https:\/\/kulyzka.photography\/de\/wp-json\/wp\/v2\/pages\/184\/revisions"}],"wp:attachment":[{"href":"https:\/\/kulyzka.photography\/de\/wp-json\/wp\/v2\/media?parent=184"}],"curies":[{"name":"wp","href":"https:\/\/api.w.org\/{rel}","templated":true}]}}